{"id":6144,"date":"2018-05-14T09:10:58","date_gmt":"2018-05-14T07:10:58","guid":{"rendered":"https:\/\/trikustik.at\/?page_id=6144"},"modified":"2018-05-15T10:34:47","modified_gmt":"2018-05-15T08:34:47","slug":"privacy-declaration","status":"publish","type":"page","link":"https:\/\/trikustik.at\/en\/privacy-declaration\/","title":{"rendered":"Privacy Declaration"},"content":{"rendered":"<h1>Datenschutzerkl\u00e4rung<\/h1>\n<p>Der Schutz Ihrer pers\u00f6nlichen Daten ist uns ein besonderes Anliegen. Wir verarbeiten Ihre Daten daher ausschlie\u00dflich auf Grundlage der gesetzlichen Bestimmungen (DSGVO, TKG 2003). In diesen Datenschutzinformationen informieren wir Sie \u00fcber die wichtigsten Aspekte der Datenverarbeitung im Rahmen unserer Website.<\/p>\n<h2>Kontakt mit uns<\/h2>\n<p>Wenn Sie per Formular auf der Website oder per E-Mail Kontakt mit uns aufnehmen, werden Ihre angegebenen Daten zwecks Bearbeitung der Anfrage und f\u00fcr den Fall von Anschlussfragen bei uns gespeichert. Diese Daten geben wir nicht ohne Ihre Einwilligung weiter.<\/p>\n<h2>Cookies<\/h2>\n<p>Unsere Website verwendet so genannte Cookies. Dabei handelt es sich um kleine Textdateien, die mit Hilfe des Browsers auf Ihrem Endger\u00e4t abgelegt werden. Sie richten keinen Schaden an.<br \/>\nWir nutzen Cookies dazu, unser Angebot nutzerfreundlich zu gestalten. Einige Cookies bleiben auf Ihrem Endger\u00e4t gespeichert, bis Sie diese l\u00f6schen. Sie erm\u00f6glichen es uns, Ihren Browser beim n\u00e4chsten Besuch wiederzuerkennen.<br \/>\nWenn Sie dies nicht w\u00fcnschen, so k\u00f6nnen Sie Ihren Browser so einrichten, dass er Sie \u00fcber das Setzen von Cookies informiert und Sie dies nur im Einzelfall erlauben.<br \/>\nBei der Deaktivierung von Cookies kann die Funktionalit\u00e4t unserer Website eingeschr\u00e4nkt sein.<\/p>\n<h2>Web-Analyse<\/h2>\n<p>Unsere Website verwendet Funktionen des Webanalysedienstes \u201dGoogle\u201d. Dazu werden Cookies verwendet, die eine Analyse der Benutzung der Website durch Ihre Benutzer erm\u00f6glicht. Die dadurch erzeugten Informationen werden auf den Server des Anbieters in den USA \u00fcbertragen und dort gespeichert.<br \/>\nSie k\u00f6nnen dies verhindern, indem Sie Ihren Browser so einrichten, dass keine Cookies gespeichert werden. Wir haben mit dem Anbieter einen entsprechenden Vertrag zur Auftragsdatenverarbeitung abgeschlossen.<br \/>\nIhre IP-Adresse wird erfasst, aber umgehend (z.B. durch L\u00f6schung der letzten 8 Bit) pseudonymisiert. Dadurch ist nur mehr eine grobe Lokalisierung m\u00f6glich.<br \/>\nDie Beziehung zum Webanalyseanbieter basiert auf Privacy Shield. Die Datenverarbeitung erfolgt auf Basis der gesetzlichen Bestimmungen des \u00a7 96 Abs 3 TKG sowie des Art 6 Abs 1 lit a (Einwilligung) und\/oder f (berechtigtes Interesse) der DSGVO.<br \/>\nUnser Anliegen im Sinne der DSGVO (berechtigtes Interesse) ist die Verbesserung unseres Angebotes und unseres Webauftritts. Da uns die Privatsph\u00e4re unserer Nutzer wichtig ist, werden die Nutzerdaten pseudonymisiert.<\/p>\n<h2>Newsletter<\/h2>\n<p>Sie haben die M\u00f6glichkeit, \u00fcber unsere Website unseren Newsletter zu abonnieren. Hierf\u00fcr ben\u00f6tigen wir Ihre E-Mail-Adresse und Ihre Erkl\u00e4rung, dass Sie mit dem Bezug des Newsletters einverstanden sind. Um Sie zielgerichtet mit Informationen zu versorgen, erheben und verarbeiten wir au\u00dferdem freiwillig gemachte Angaben zu Ihren Namen. Die Newsletter enthalten kleine Dateien, mit denen wir erkennen k\u00f6nnen, ob und wann Sie eine E-Mail ge\u00f6ffnet haben und welche Links Sie angeklickt haben. Dieses Tracking dient dazu, die Newsletter zu verbessern.<br \/>\nF\u00fcr den Newsletter nutzen wir \u201eMailChimp\u201d. Zu diesen Zweck \u00fcberlassen wir Mailchimp Ihre Daten. Mailchimp und wir geben Ihre Daten jedoch nicht an Dritte weiter.<br \/>\nDas Abo des Newsletters k\u00f6nnen Sie jederzeit stornieren. Senden Sie Ihre Stornierung bitte an folgende E-Mail-Adresse: office@trikustik.at. Wir l\u00f6schen anschlie\u00dfend umgehend Ihre Daten im Zusammenhang mit dem Newsletter-Versand.<br \/>\nWeitere Details zu den Datenschutzrichtlinien bez\u00fcglich Mailchimp entnehmen Sie<a href=\"https:\/\/mailchimp.com\/legal\/privacy\/\"> https:\/\/mailchimp.com\/legal\/privacy\/<\/a>.<\/p>\n<h2>reCAPTCHA<\/h2>\n<p>Um zu unterscheiden, ob Eingaben maschinell oder vom Menschen erstellt wurden, verwenden wir den Dienst \u201creCAPTCHA\u201d der Firma \u201cGoogle\u201d.<\/p>\n<p>Zu diesem Zweck werden die URL der Seite, der User-Agent des Browsers, Ihre IP-Adresse, die Bildschirm- und Fensteraufl\u00f6sung, die Sprache des Browsers, die Zeitzone, installierte Browser-Plugins, Informationen zum Betriebssystem, Verweildauer auf der Seite und Mausbewegungen im Bereich des Recaptchers an \u201cGoogle\u201d \u00fcbertragen. Diese Daten werden nicht mit anderen Daten von \u201cGoogle\u201d kombiniert, es sei denn Sie sind beim Aufruf des reCaptchas mit Ihrem Google-Account eingeloggt. Sollten Sie dieses Verhalten unterbinden wollen, m\u00fcssen Sie sich aus Ihrem Google-Account ausloggen.<\/p>\n<p>Weitere Informationen zu den Datenschutzrichtlinien von \u201cGoogle\u201d finden Sie unter <a href=\"https:\/\/www.google.com\/intl\/de\/policies\/privacy\/\">https:\/\/www.google.com\/intl\/de\/policies\/privacy\/<\/a>.<\/p>\n<h2>Google Maps<\/h2>\n<p>Diese Website bindet den Dienst Google Maps der Firma \u201cGoogle\u201d ein. Dabei werden Daten durch die Nutzung der Karten auf trikustik.at von \u201cGoogle\u201d erhoben, verarbeitet und benutzt.<\/p>\n<p>Sollten Sie mit der Verarbeitung Ihrer Daten nicht einverstanden sein, so m\u00fcssen die Javascript in Ihrem Browser w\u00e4hrend der Nutzung dieser Website deaktivieren. Durch das Deaktivieren von Javascript wird die Funktionalit\u00e4t der Website eingeschr\u00e4nkt.<\/p>\n<p>N\u00e4here Details zu den Datenschutzrichtlinien von \u201cGoogle\u201d entnehmen Sie von <a href=\"https:\/\/policies.google.com\/privacy\">https:\/\/policies.google.com\/privacy<\/a>.<\/p>\n<h2>Vimeo<\/h2>\n<p>Diese Website bettet Videos der Vimeo-Platform von \u201cVimeo\u201d ein. Sollten Sie eine Seite auf trikustik.at mit einem eingebetteten Video aufrufen, w\u00e4hrend Sie auf der Vimeo-Platform eingeloggt sind, wird die Information, welche Seite Sie gerade besuchen und welche Interaktionen Sie mit dem Video durchf\u00fchren mit Ihrem Vimeo-Account kombiniert.<\/p>\n<p>Sollten Sie mit der Verkn\u00fcpfung dieser Daten und Ihrem Account nicht einverstanden sein, so m\u00fcssen Sie sich vor der Nutzung der Seiten mit eingebetteten Videos aus der Vimeo-Platform ausloggen.<\/p>\n<p>N\u00e4here Details zu den Datenschutzrichtlinien von \u201cVimeo\u201d entnehmen Sie von<a href=\"https:\/\/vimeo.com\/privacy\"> https:\/\/vimeo.com\/privacy<\/a>.<\/p>\n<h2>Ihre Rechte<\/h2>\n<p>Ihnen stehen grunds\u00e4tzlich die Rechte auf Auskunft, Berichtigung, L\u00f6schung, Einschr\u00e4nkung, Daten\u00fcbertragbarkeit, Widerruf und Widerspruch zu. Wenn Sie glauben, dass die Verarbeitung Ihrer Daten gegen das Datenschutzrecht verst\u00f6\u00dft oder Ihre datenschutzrechtlichen Anspr\u00fcche sonst in einer Weise verletzt worden sind, k\u00f6nnen Sie sich bei der Aufsichtsbeh\u00f6rde beschweren. In \u00d6sterreich ist dies die Datenschutzbeh\u00f6rde.<\/p>\n<h2>Sie erreichen uns unter folgenden Kontaktdaten<\/h2>\n<p>Trikustik GesmbH<br \/>\nRitterkamp 8<br \/>\n3911 Rappottenstein<br \/>\nTel.: +43(2828)7401<br \/>\nFax: +43(2828)7401-4<br \/>\noffice@trikustik.at<\/p>\n<h2>Auftragsverarbeiter<\/h2>\n<p>Google: Google Inc., 1600 Amphitheatre Parkway, Mountain View, CA 94043, USA<br \/>\nVimeo: Vimeo LCC, 555 West 18th Street, New York, New York 10011, USA<br \/>\nMailchimp: Rocket Science Group, LLC, 675 Ponce De Leon Ave NE #5000, Atlanta, GA 30308, USA<\/p>\n","protected":false},"excerpt":{"rendered":"<p>Datenschutzerkl\u00e4rung Der Schutz Ihrer pers\u00f6nlichen Daten ist uns ein besonderes Anliegen. Wir verarbeiten Ihre Daten daher ausschlie\u00dflich auf Grundlage der gesetzlichen Bestimmungen (DSGVO, TKG 2003). In diesen Datenschutzinformationen informieren wir Sie \u00fcber die wichtigsten Aspekte der Datenverarbeitung im Rahmen unserer Website. Kontakt mit uns Wenn Sie per Formular auf der Website oder per E-Mail Kontakt [&hellip;]<\/p>\n","protected":false},"author":3,"featured_media":0,"parent":0,"menu_order":0,"comment_status":"closed","ping_status":"closed","template":"","meta":{"_acf_changed":false,"footnotes":""},"tags":[],"class_list":["post-6144","page","type-page","status-publish","hentry"],"acf":[],"yoast_head":"<!-- This site is optimized with the Yoast SEO plugin v27.3 - https:\/\/yoast.com\/product\/yoast-seo-wordpress\/ -->\n<title>Privacy Declaration - Trikustik<\/title>\n<meta name=\"robots\" content=\"index, follow, max-snippet:-1, max-image-preview:large, max-video-preview:-1\" \/>\n<link rel=\"canonical\" href=\"https:\/\/trikustik.at\/en\/privacy-declaration\/\" \/>\n<meta property=\"og:locale\" content=\"en_US\" \/>\n<meta property=\"og:type\" content=\"article\" \/>\n<meta property=\"og:title\" content=\"Privacy Declaration - Trikustik\" \/>\n<meta property=\"og:description\" content=\"Datenschutzerkl\u00e4rung Der Schutz Ihrer pers\u00f6nlichen Daten ist uns ein besonderes Anliegen. Wir verarbeiten Ihre Daten daher ausschlie\u00dflich auf Grundlage der gesetzlichen Bestimmungen (DSGVO, TKG 2003). In diesen Datenschutzinformationen informieren wir Sie \u00fcber die wichtigsten Aspekte der Datenverarbeitung im Rahmen unserer Website. Kontakt mit uns Wenn Sie per Formular auf der Website oder per E-Mail Kontakt [&hellip;]\" \/>\n<meta property=\"og:url\" content=\"https:\/\/trikustik.at\/en\/privacy-declaration\/\" \/>\n<meta property=\"og:site_name\" content=\"Trikustik\" \/>\n<meta property=\"article:modified_time\" content=\"2018-05-15T08:34:47+00:00\" \/>\n<meta name=\"twitter:card\" content=\"summary_large_image\" \/>\n<script type=\"application\/ld+json\" class=\"yoast-schema-graph\">{\"@context\":\"https:\\\/\\\/schema.org\",\"@graph\":[{\"@type\":\"WebPage\",\"@id\":\"https:\\\/\\\/trikustik.at\\\/en\\\/privacy-declaration\\\/\",\"url\":\"https:\\\/\\\/trikustik.at\\\/en\\\/privacy-declaration\\\/\",\"name\":\"Privacy Declaration - Trikustik\",\"isPartOf\":{\"@id\":\"https:\\\/\\\/trikustik.at\\\/#website\"},\"datePublished\":\"2018-05-14T07:10:58+00:00\",\"dateModified\":\"2018-05-15T08:34:47+00:00\",\"breadcrumb\":{\"@id\":\"https:\\\/\\\/trikustik.at\\\/en\\\/privacy-declaration\\\/#breadcrumb\"},\"inLanguage\":\"en\",\"potentialAction\":[{\"@type\":\"ReadAction\",\"target\":[\"https:\\\/\\\/trikustik.at\\\/en\\\/privacy-declaration\\\/\"]}]},{\"@type\":\"BreadcrumbList\",\"@id\":\"https:\\\/\\\/trikustik.at\\\/en\\\/privacy-declaration\\\/#breadcrumb\",\"itemListElement\":[{\"@type\":\"ListItem\",\"position\":1,\"name\":\"Home\",\"item\":\"https:\\\/\\\/trikustik.at\\\/en\\\/\"},{\"@type\":\"ListItem\",\"position\":2,\"name\":\"Privacy Declaration\"}]},{\"@type\":\"WebSite\",\"@id\":\"https:\\\/\\\/trikustik.at\\\/#website\",\"url\":\"https:\\\/\\\/trikustik.at\\\/\",\"name\":\"Trikustik\",\"description\":\"Eine weitere WordPress-Seite\",\"potentialAction\":[{\"@type\":\"SearchAction\",\"target\":{\"@type\":\"EntryPoint\",\"urlTemplate\":\"https:\\\/\\\/trikustik.at\\\/?s={search_term_string}\"},\"query-input\":{\"@type\":\"PropertyValueSpecification\",\"valueRequired\":true,\"valueName\":\"search_term_string\"}}],\"inLanguage\":\"en\"}]}<\/script>\n<!-- \/ Yoast SEO plugin. -->","yoast_head_json":{"title":"Privacy Declaration - Trikustik","robots":{"index":"index","follow":"follow","max-snippet":"max-snippet:-1","max-image-preview":"max-image-preview:large","max-video-preview":"max-video-preview:-1"},"canonical":"https:\/\/trikustik.at\/en\/privacy-declaration\/","og_locale":"en_US","og_type":"article","og_title":"Privacy Declaration - Trikustik","og_description":"Datenschutzerkl\u00e4rung Der Schutz Ihrer pers\u00f6nlichen Daten ist uns ein besonderes Anliegen. Wir verarbeiten Ihre Daten daher ausschlie\u00dflich auf Grundlage der gesetzlichen Bestimmungen (DSGVO, TKG 2003). In diesen Datenschutzinformationen informieren wir Sie \u00fcber die wichtigsten Aspekte der Datenverarbeitung im Rahmen unserer Website. Kontakt mit uns Wenn Sie per Formular auf der Website oder per E-Mail Kontakt [&hellip;]","og_url":"https:\/\/trikustik.at\/en\/privacy-declaration\/","og_site_name":"Trikustik","article_modified_time":"2018-05-15T08:34:47+00:00","twitter_card":"summary_large_image","schema":{"@context":"https:\/\/schema.org","@graph":[{"@type":"WebPage","@id":"https:\/\/trikustik.at\/en\/privacy-declaration\/","url":"https:\/\/trikustik.at\/en\/privacy-declaration\/","name":"Privacy Declaration - Trikustik","isPartOf":{"@id":"https:\/\/trikustik.at\/#website"},"datePublished":"2018-05-14T07:10:58+00:00","dateModified":"2018-05-15T08:34:47+00:00","breadcrumb":{"@id":"https:\/\/trikustik.at\/en\/privacy-declaration\/#breadcrumb"},"inLanguage":"en","potentialAction":[{"@type":"ReadAction","target":["https:\/\/trikustik.at\/en\/privacy-declaration\/"]}]},{"@type":"BreadcrumbList","@id":"https:\/\/trikustik.at\/en\/privacy-declaration\/#breadcrumb","itemListElement":[{"@type":"ListItem","position":1,"name":"Home","item":"https:\/\/trikustik.at\/en\/"},{"@type":"ListItem","position":2,"name":"Privacy Declaration"}]},{"@type":"WebSite","@id":"https:\/\/trikustik.at\/#website","url":"https:\/\/trikustik.at\/","name":"Trikustik","description":"Eine weitere WordPress-Seite","potentialAction":[{"@type":"SearchAction","target":{"@type":"EntryPoint","urlTemplate":"https:\/\/trikustik.at\/?s={search_term_string}"},"query-input":{"@type":"PropertyValueSpecification","valueRequired":true,"valueName":"search_term_string"}}],"inLanguage":"en"}]}},"_links":{"self":[{"href":"https:\/\/trikustik.at\/en\/wp-json\/wp\/v2\/pages\/6144\/"}],"collection":[{"href":"https:\/\/trikustik.at\/en\/wp-json\/wp\/v2\/pages\/"}],"about":[{"href":"https:\/\/trikustik.at\/en\/wp-json\/wp\/v2\/types\/page\/"}],"author":[{"embeddable":true,"href":"https:\/\/trikustik.at\/en\/wp-json\/wp\/v2\/users\/3\/"}],"replies":[{"embeddable":true,"href":"https:\/\/trikustik.at\/en\/wp-json\/wp\/v2\/comments\/?post=6144"}],"version-history":[{"count":4,"href":"https:\/\/trikustik.at\/en\/wp-json\/wp\/v2\/pages\/6144\/revisions\/"}],"predecessor-version":[{"id":6166,"href":"https:\/\/trikustik.at\/en\/wp-json\/wp\/v2\/pages\/6144\/revisions\/6166\/"}],"wp:attachment":[{"href":"https:\/\/trikustik.at\/en\/wp-json\/wp\/v2\/media\/?parent=6144"}],"wp:term":[{"taxonomy":"post_tag","embeddable":true,"href":"https:\/\/trikustik.at\/en\/wp-json\/wp\/v2\/tags\/?post=6144"}],"curies":[{"name":"wp","href":"https:\/\/api.w.org\/{rel}","templated":true}]}}