{"id":1256,"date":"2015-09-14T11:55:59","date_gmt":"2015-09-14T09:55:59","guid":{"rendered":"https:\/\/trikustik.at\/?page_id=1256&#038;lang=en"},"modified":"2025-01-22T16:54:51","modified_gmt":"2025-01-22T15:54:51","slug":"references","status":"publish","type":"page","link":"https:\/\/trikustik.at\/en\/references\/","title":{"rendered":"References"},"content":{"rendered":"<div class=\"wpb-content-wrapper\"><p>[vc_row css=&#8221;.vc_custom_1561564955384{margin-top: -30px !important;background-color: #e8e8e8 !important;border-radius: 10px !important;}&#8221;][vc_column][vc_column_text]<\/p>\n<h1><strong>References<\/strong><\/h1>\n<p><span style=\"font-size: 14pt;\">Our high-quality acoustic boards have already been installed in a variety of different room applications. Whether it&#8217;s large auditoriums where a speaker needs to be well understood, offices where a pleasant and productive working atmosphere needs to be created or concert halls where optimal musical sound is crucial, we supply the right product according to the respective room requirement. Be inspired by the selection of Trikustik acoustic reference projects.<\/span>[\/vc_column_text][\/vc_column][\/vc_row][vc_row content_placement=&#8221;top&#8221; css=&#8221;.vc_custom_1579167680343{margin-top: -30px !important;background-color: #e8e8e8 !important;border-radius: 10px !important;}&#8221;][vc_column][vc_column_text css=&#8221;&#8221;]<\/p>\n<div style=\"width: 600px;\" class=\"wp-video\"><video class=\"wp-video-shortcode\" id=\"video-1256-1\" width=\"600\" height=\"450\" poster=\"https:\/\/trikustik.at\/wp-content\/uploads\/2015-08-04_Weingut_Hoegl_03-2.jpg\" loop preload=\"metadata\" controls=\"controls\"><source type=\"video\/mp4\" src=\"https:\/\/trikustik.at\/wp-content\/uploads\/Trikustik_ImpressionenInspirationen_k.mp4?_=1\" \/><a href=\"https:\/\/trikustik.at\/wp-content\/uploads\/Trikustik_ImpressionenInspirationen_k.mp4\">https:\/\/trikustik.at\/wp-content\/uploads\/Trikustik_ImpressionenInspirationen_k.mp4<\/a><\/video><\/div>\n<p>[\/vc_column_text][\/vc_column][\/vc_row]<\/p>\n<\/div>","protected":false},"excerpt":{"rendered":"<p>[vc_row css=&#8221;.vc_custom_1561564955384{margin-top: -30px !important;background-color: #e8e8e8 !important;border-radius: 10px !important;}&#8221;][vc_column][vc_column_text] References Our high-quality acoustic boards have already been installed in a variety of different room applications. Whether it&#8217;s large auditoriums where a speaker needs to be well understood, offices where a pleasant and productive working atmosphere needs to be created or concert halls where optimal musical sound [&hellip;]<\/p>\n","protected":false},"author":1,"featured_media":0,"parent":0,"menu_order":0,"comment_status":"closed","ping_status":"closed","template":"","meta":{"_acf_changed":false,"footnotes":""},"tags":[],"class_list":["post-1256","page","type-page","status-publish","hentry"],"acf":[],"yoast_head":"<!-- This site is optimized with the Yoast SEO plugin v27.3 - https:\/\/yoast.com\/product\/yoast-seo-wordpress\/ -->\n<title>Trikustik Akustik &amp; Referenzen - Akustik in Raumanwendungen<\/title>\n<meta name=\"description\" content=\"Trikustik verf\u00fcgt \u00fcber langj\u00e4hrige Erfahrung &amp; Know-how im Bereich Akustik. \u25ba Lassen Sie sich von unseren Referenzen inspirieren!\" \/>\n<meta name=\"robots\" content=\"index, follow, max-snippet:-1, max-image-preview:large, max-video-preview:-1\" \/>\n<link rel=\"canonical\" href=\"https:\/\/trikustik.at\/en\/references\/\" \/>\n<meta property=\"og:locale\" content=\"en_US\" \/>\n<meta property=\"og:type\" content=\"article\" \/>\n<meta property=\"og:title\" content=\"Trikustik Akustik &amp; Referenzen - Akustik in Raumanwendungen\" \/>\n<meta property=\"og:description\" content=\"Trikustik verf\u00fcgt \u00fcber langj\u00e4hrige Erfahrung &amp; Know-how im Bereich Akustik. \u25ba Lassen Sie sich von unseren Referenzen inspirieren!\" \/>\n<meta property=\"og:url\" content=\"https:\/\/trikustik.at\/en\/references\/\" \/>\n<meta property=\"og:site_name\" content=\"Trikustik\" \/>\n<meta property=\"article:modified_time\" content=\"2025-01-22T15:54:51+00:00\" \/>\n<meta name=\"twitter:card\" content=\"summary_large_image\" \/>\n<script type=\"application\/ld+json\" class=\"yoast-schema-graph\">{\"@context\":\"https:\\\/\\\/schema.org\",\"@graph\":[{\"@type\":\"WebPage\",\"@id\":\"https:\\\/\\\/trikustik.at\\\/en\\\/references\\\/\",\"url\":\"https:\\\/\\\/trikustik.at\\\/en\\\/references\\\/\",\"name\":\"Trikustik Akustik & Referenzen - Akustik in Raumanwendungen\",\"isPartOf\":{\"@id\":\"https:\\\/\\\/trikustik.at\\\/#website\"},\"datePublished\":\"2015-09-14T09:55:59+00:00\",\"dateModified\":\"2025-01-22T15:54:51+00:00\",\"description\":\"Trikustik verf\u00fcgt \u00fcber langj\u00e4hrige Erfahrung & Know-how im Bereich Akustik. \u25ba Lassen Sie sich von unseren Referenzen inspirieren!\",\"breadcrumb\":{\"@id\":\"https:\\\/\\\/trikustik.at\\\/en\\\/references\\\/#breadcrumb\"},\"inLanguage\":\"en\",\"potentialAction\":[{\"@type\":\"ReadAction\",\"target\":[\"https:\\\/\\\/trikustik.at\\\/en\\\/references\\\/\"]}]},{\"@type\":\"BreadcrumbList\",\"@id\":\"https:\\\/\\\/trikustik.at\\\/en\\\/references\\\/#breadcrumb\",\"itemListElement\":[{\"@type\":\"ListItem\",\"position\":1,\"name\":\"Home\",\"item\":\"https:\\\/\\\/trikustik.at\\\/en\\\/\"},{\"@type\":\"ListItem\",\"position\":2,\"name\":\"References\"}]},{\"@type\":\"WebSite\",\"@id\":\"https:\\\/\\\/trikustik.at\\\/#website\",\"url\":\"https:\\\/\\\/trikustik.at\\\/\",\"name\":\"Trikustik\",\"description\":\"Eine weitere WordPress-Seite\",\"potentialAction\":[{\"@type\":\"SearchAction\",\"target\":{\"@type\":\"EntryPoint\",\"urlTemplate\":\"https:\\\/\\\/trikustik.at\\\/?s={search_term_string}\"},\"query-input\":{\"@type\":\"PropertyValueSpecification\",\"valueRequired\":true,\"valueName\":\"search_term_string\"}}],\"inLanguage\":\"en\"}]}<\/script>\n<!-- \/ Yoast SEO plugin. -->","yoast_head_json":{"title":"Trikustik Akustik & Referenzen - Akustik in Raumanwendungen","description":"Trikustik verf\u00fcgt \u00fcber langj\u00e4hrige Erfahrung & Know-how im Bereich Akustik. \u25ba Lassen Sie sich von unseren Referenzen inspirieren!","robots":{"index":"index","follow":"follow","max-snippet":"max-snippet:-1","max-image-preview":"max-image-preview:large","max-video-preview":"max-video-preview:-1"},"canonical":"https:\/\/trikustik.at\/en\/references\/","og_locale":"en_US","og_type":"article","og_title":"Trikustik Akustik & Referenzen - Akustik in Raumanwendungen","og_description":"Trikustik verf\u00fcgt \u00fcber langj\u00e4hrige Erfahrung & Know-how im Bereich Akustik. \u25ba Lassen Sie sich von unseren Referenzen inspirieren!","og_url":"https:\/\/trikustik.at\/en\/references\/","og_site_name":"Trikustik","article_modified_time":"2025-01-22T15:54:51+00:00","twitter_card":"summary_large_image","schema":{"@context":"https:\/\/schema.org","@graph":[{"@type":"WebPage","@id":"https:\/\/trikustik.at\/en\/references\/","url":"https:\/\/trikustik.at\/en\/references\/","name":"Trikustik Akustik & Referenzen - Akustik in Raumanwendungen","isPartOf":{"@id":"https:\/\/trikustik.at\/#website"},"datePublished":"2015-09-14T09:55:59+00:00","dateModified":"2025-01-22T15:54:51+00:00","description":"Trikustik verf\u00fcgt \u00fcber langj\u00e4hrige Erfahrung & Know-how im Bereich Akustik. \u25ba Lassen Sie sich von unseren Referenzen inspirieren!","breadcrumb":{"@id":"https:\/\/trikustik.at\/en\/references\/#breadcrumb"},"inLanguage":"en","potentialAction":[{"@type":"ReadAction","target":["https:\/\/trikustik.at\/en\/references\/"]}]},{"@type":"BreadcrumbList","@id":"https:\/\/trikustik.at\/en\/references\/#breadcrumb","itemListElement":[{"@type":"ListItem","position":1,"name":"Home","item":"https:\/\/trikustik.at\/en\/"},{"@type":"ListItem","position":2,"name":"References"}]},{"@type":"WebSite","@id":"https:\/\/trikustik.at\/#website","url":"https:\/\/trikustik.at\/","name":"Trikustik","description":"Eine weitere WordPress-Seite","potentialAction":[{"@type":"SearchAction","target":{"@type":"EntryPoint","urlTemplate":"https:\/\/trikustik.at\/?s={search_term_string}"},"query-input":{"@type":"PropertyValueSpecification","valueRequired":true,"valueName":"search_term_string"}}],"inLanguage":"en"}]}},"_links":{"self":[{"href":"https:\/\/trikustik.at\/en\/wp-json\/wp\/v2\/pages\/1256\/"}],"collection":[{"href":"https:\/\/trikustik.at\/en\/wp-json\/wp\/v2\/pages\/"}],"about":[{"href":"https:\/\/trikustik.at\/en\/wp-json\/wp\/v2\/types\/page\/"}],"author":[{"embeddable":true,"href":"https:\/\/trikustik.at\/en\/wp-json\/wp\/v2\/users\/1\/"}],"replies":[{"embeddable":true,"href":"https:\/\/trikustik.at\/en\/wp-json\/wp\/v2\/comments\/?post=1256"}],"version-history":[{"count":5,"href":"https:\/\/trikustik.at\/en\/wp-json\/wp\/v2\/pages\/1256\/revisions\/"}],"predecessor-version":[{"id":31713,"href":"https:\/\/trikustik.at\/en\/wp-json\/wp\/v2\/pages\/1256\/revisions\/31713\/"}],"wp:attachment":[{"href":"https:\/\/trikustik.at\/en\/wp-json\/wp\/v2\/media\/?parent=1256"}],"wp:term":[{"taxonomy":"post_tag","embeddable":true,"href":"https:\/\/trikustik.at\/en\/wp-json\/wp\/v2\/tags\/?post=1256"}],"curies":[{"name":"wp","href":"https:\/\/api.w.org\/{rel}","templated":true}]}}